{"id":1056,"date":"2025-12-04T07:44:29","date_gmt":"2025-12-04T07:44:29","guid":{"rendered":"https:\/\/inharmonirehab.com\/?page_id=1056"},"modified":"2025-12-04T10:02:17","modified_gmt":"2025-12-04T10:02:17","slug":"luksusrehabilitering","status":"publish","type":"page","link":"https:\/\/inharmonirehab.com\/nb\/luksusrehabilitering\/","title":{"rendered":"Luxury rehab for international clients"},"content":{"rendered":"<div class=\"wp-block-group alignwide is-layout-flow wp-block-group-is-layout-flow\">\n<h2 class=\"wp-block-heading\">Discover the elegance of recovery at InHarmoni with luxury rehab<\/h2>\n\n\n\n<div class=\"wp-block-columns hjalmarkolumn is-layout-flex wp-container-core-columns-is-layout-0806ab5c wp-block-columns-is-layout-flex\" style=\"margin-top:var(--wp--preset--spacing--30);margin-bottom:var(--wp--preset--spacing--30)\">\n<div class=\"wp-block-column is-vertically-aligned-center is-layout-flow wp-block-column-is-layout-flow\">\n<p>Finding a treatment center that truly understands your background, lifestyle, and expectations can be challenging. A luxury rehab combines world-class clinical expertise with comfort, privacy, and tailored care designed for high-performing individuals who need a trusted place to recover \u2014 without compromising their dignity.<\/p>\n\n\n\n<p>At In Harmony Rehab, international clients receive a discreet and highly personalized treatment experience guided by leading specialists in addiction, trauma, and <a href=\"https:\/\/inharmonirehab.com\/nb\/klinikk-for-psykisk-helse\/\">psykisk helse<\/a>. We ensure a safe environment where recovery becomes not only possible, but sustainable.<\/p>\n<\/div>\n\n\n\n<div class=\"wp-block-column is-layout-flow wp-block-column-is-layout-flow\">\n<figure class=\"wp-block-image size-full\"><img decoding=\"async\" width=\"1024\" height=\"683\" src=\"https:\/\/inharmonirehab.com\/wp-content\/uploads\/2025\/12\/Lyxury-rehab.webp\" alt=\"Lyxury rehab\" class=\"wp-image-1060\" srcset=\"https:\/\/inharmonirehab.com\/wp-content\/uploads\/2025\/12\/Lyxury-rehab.webp 1024w, https:\/\/inharmonirehab.com\/wp-content\/uploads\/2025\/12\/Lyxury-rehab-300x200.webp 300w, https:\/\/inharmonirehab.com\/wp-content\/uploads\/2025\/12\/Lyxury-rehab-768x512.webp 768w, https:\/\/inharmonirehab.com\/wp-content\/uploads\/2025\/12\/Lyxury-rehab-18x12.webp 18w\" sizes=\"(max-width: 1024px) 100vw, 1024px\" \/><figcaption class=\"wp-element-caption\">#image_title<\/figcaption><\/figure>\n<\/div>\n<\/div>\n\n\n\n<h2 class=\"wp-block-heading\">What defines a luxury rehab<\/h2>\n\n\n\n<h3 class=\"wp-block-heading\">Velkommen til et sted der healing f\u00f8les som hjemme<\/h3>\n\n\n\n<div class=\"wp-block-columns is-layout-flex wp-container-core-columns-is-layout-795689c4 wp-block-columns-is-layout-flex\" style=\"margin-top:var(--wp--preset--spacing--30);margin-bottom:var(--wp--preset--spacing--30)\">\n<div class=\"wp-block-column is-layout-flow wp-block-column-is-layout-flow\">\n<figure class=\"wp-block-image size-full\"><img decoding=\"async\" width=\"1024\" height=\"683\" src=\"https:\/\/inharmonirehab.com\/wp-content\/uploads\/2025\/12\/luxury-rehab-center.webp\" alt=\"luxury rehab center\" class=\"wp-image-1061\" srcset=\"https:\/\/inharmonirehab.com\/wp-content\/uploads\/2025\/12\/luxury-rehab-center.webp 1024w, https:\/\/inharmonirehab.com\/wp-content\/uploads\/2025\/12\/luxury-rehab-center-300x200.webp 300w, https:\/\/inharmonirehab.com\/wp-content\/uploads\/2025\/12\/luxury-rehab-center-768x512.webp 768w, https:\/\/inharmonirehab.com\/wp-content\/uploads\/2025\/12\/luxury-rehab-center-18x12.webp 18w\" sizes=\"(max-width: 1024px) 100vw, 1024px\" \/><figcaption class=\"wp-element-caption\">#image_title<\/figcaption><\/figure>\n<\/div>\n\n\n\n<div class=\"wp-block-column is-vertically-aligned-center is-layout-flow wp-block-column-is-layout-flow\">\n<p>A luxury rehab offers more than a standard rehabilitation program. It provides:<\/p>\n\n\n\n<ul class=\"wp-block-list\">\n<li>individual therapy plans designed around your specific challenges<\/li>\n\n\n\n<li>highly experienced clinicians and therapeutic staff<\/li>\n\n\n\n<li>holistic care addressing both mind and body<\/li>\n\n\n\n<li>privacy, confidentiality, and discreet admission processes<\/li>\n\n\n\n<li>restorative surroundings that support healing<\/li>\n\n\n\n<li>gourmet meals and premium accommodation standards<\/li>\n\n\n\n<li>opportunities for personal growth, wellbeing, and empowerment<\/li>\n<\/ul>\n\n\n\n<p>This combination ensures that recovery happens in the most supportive environment possible, helping you rebuild life with strength and clarity.out compromise\u2014a sanctuary where body, mind and soul are restored.<\/p>\n<\/div>\n<\/div>\n\n\n\n<h2 class=\"wp-block-heading\">Private therapy and tailored care at luxury rehab <\/h2>\n\n\n\n<h3 class=\"wp-block-heading\">Who we help<\/h3>\n\n\n\n<div class=\"wp-block-columns hjalmarkolumn is-layout-flex wp-container-core-columns-is-layout-0806ab5c wp-block-columns-is-layout-flex\" style=\"margin-top:var(--wp--preset--spacing--30);margin-bottom:var(--wp--preset--spacing--30)\">\n<div class=\"wp-block-column is-vertically-aligned-center is-layout-flow wp-block-column-is-layout-flow\">\n<p>Our programs are created for individuals facing:<\/p>\n\n\n\n<ul class=\"wp-block-list\">\n<li>substance addiction (alcohol, prescription medication, drugs)<\/li>\n\n\n\n<li>behavioural addictions (gaming, gambling, <a href=\"https:\/\/inharmonirehab.com\/nb\/rehabilitering-av-sexavhengighet\/\" title=\"Rehabilitering av sexavhengighet\">sexavhengighet<\/a>)<\/li>\n\n\n\n<li>mental health issues including anxiety, <a href=\"https:\/\/inharmonirehab.com\/nb\/depresjonsklinikk\/\">depression<\/a>, PTSD, burnout<\/li>\n\n\n\n<li>life crises and emotional trauma requiring guided recovery<\/li>\n<\/ul>\n\n\n\n<p>We regularly welcome clients from <strong>the UK, <a href=\"https:\/\/inharmonirehab.com\/nb\/best-rehab-europe\/\" title=\"Best rehab Europe\">Europe<\/a>, the United States, and the Middle East<\/strong>. Cultural understanding and international experience are central in every part of our treatment approach.<\/p>\n<\/div>\n\n\n\n<div class=\"wp-block-column is-layout-flow wp-block-column-is-layout-flow\">\n<figure class=\"wp-block-image size-full\"><img decoding=\"async\" width=\"1024\" height=\"683\" src=\"https:\/\/inharmonirehab.com\/wp-content\/uploads\/2025\/12\/luxury-rehab-center-1.webp\" alt=\"Luxury rehab program\" class=\"wp-image-1064\" srcset=\"https:\/\/inharmonirehab.com\/wp-content\/uploads\/2025\/12\/luxury-rehab-center-1.webp 1024w, https:\/\/inharmonirehab.com\/wp-content\/uploads\/2025\/12\/luxury-rehab-center-1-300x200.webp 300w, https:\/\/inharmonirehab.com\/wp-content\/uploads\/2025\/12\/luxury-rehab-center-1-768x512.webp 768w, https:\/\/inharmonirehab.com\/wp-content\/uploads\/2025\/12\/luxury-rehab-center-1-18x12.webp 18w\" sizes=\"(max-width: 1024px) 100vw, 1024px\" \/><figcaption class=\"wp-element-caption\">#image_title<\/figcaption><\/figure>\n<\/div>\n<\/div>\n\n\n\n<h2 class=\"wp-block-heading\">Personalised care with clinical excellence<\/h2>\n\n\n\n<h3 class=\"wp-block-heading\">Mer enn terapi - holistisk psykisk helsehjelp i luksusklassen<\/h3>\n\n\n\n<div class=\"wp-block-columns is-layout-flex wp-container-core-columns-is-layout-0806ab5c wp-block-columns-is-layout-flex\" style=\"margin-top:var(--wp--preset--spacing--30);margin-bottom:var(--wp--preset--spacing--30)\">\n<div class=\"wp-block-column is-layout-flow wp-block-column-is-layout-flow\">\n<figure class=\"wp-block-image size-full\"><img decoding=\"async\" width=\"1024\" height=\"683\" src=\"https:\/\/inharmonirehab.com\/wp-content\/uploads\/2025\/12\/International-luxury-rehab-.webp\" alt=\"\" class=\"wp-image-1065\" srcset=\"https:\/\/inharmonirehab.com\/wp-content\/uploads\/2025\/12\/International-luxury-rehab-.webp 1024w, https:\/\/inharmonirehab.com\/wp-content\/uploads\/2025\/12\/International-luxury-rehab--300x200.webp 300w, https:\/\/inharmonirehab.com\/wp-content\/uploads\/2025\/12\/International-luxury-rehab--768x512.webp 768w, https:\/\/inharmonirehab.com\/wp-content\/uploads\/2025\/12\/International-luxury-rehab--18x12.webp 18w\" sizes=\"(max-width: 1024px) 100vw, 1024px\" \/><figcaption class=\"wp-element-caption\">#image_title<\/figcaption><\/figure>\n<\/div>\n\n\n\n<div class=\"wp-block-column is-vertically-aligned-center is-layout-flow wp-block-column-is-layout-flow\">\n<p>TEvery journey begins with a confidential assessment followed by a tailored plan combining:<\/p>\n\n\n\n<ul class=\"wp-block-list\">\n<li>evidence-based therapy<\/li>\n\n\n\n<li>psychiatric care when needed<\/li>\n\n\n\n<li>trauma-informed treatment<\/li>\n\n\n\n<li>daily therapeutic structure<\/li>\n\n\n\n<li>physical wellbeing: yoga, fitness, mindfulness, nature therapy<\/li>\n\n\n\n<li>family involvement and aftercare for long-term results<\/li>\n<\/ul>\n\n\n\n<p>Our team works closely with each client to ensure progress is measurable and meaningful.<\/p>\n<\/div>\n<\/div>\n\n\n\n<h2 class=\"wp-block-heading\">Absolutt privatliv og diskresjon<\/h2>\n\n\n\n<div class=\"wp-block-columns hjalmarkolumn is-layout-flex wp-container-core-columns-is-layout-0806ab5c wp-block-columns-is-layout-flex\" style=\"margin-top:var(--wp--preset--spacing--30);margin-bottom:var(--wp--preset--spacing--30)\">\n<div class=\"wp-block-column is-vertically-aligned-center is-layout-flow wp-block-column-is-layout-flow\">\n<p>Vi forst\u00e5r viktigheten av konfidensialitet, spesielt for kunder i offentligheten eller i krevende yrkesroller. Vi prioriterer din trygghet, fra private flyplasstransporter til bygninger uten merkevare og et begrenset antall beboere.<\/p>\n\n\n\n<p>Bare et lite antall klienter bor hos oss til enhver tid. Dette gj\u00f8r at teamet v\u00e5rt kan v\u00e6re til stede for deg, og sikrer at ditt privatliv, din verdighet og ditt rom aldri blir kompromittert.<\/p>\n<\/div>\n\n\n\n<div class=\"wp-block-column is-layout-flow wp-block-column-is-layout-flow\">\n<figure class=\"wp-block-image size-large\"><img decoding=\"async\" width=\"1024\" height=\"683\" src=\"https:\/\/inharmonirehab.com\/wp-content\/uploads\/2025\/04\/luxury-rehab-spain-1024x683.jpg\" alt=\"luksus rehab Spania\" class=\"wp-image-723\" srcset=\"https:\/\/inharmonirehab.com\/wp-content\/uploads\/2025\/04\/luxury-rehab-spain-1024x683.jpg 1024w, https:\/\/inharmonirehab.com\/wp-content\/uploads\/2025\/04\/luxury-rehab-spain-300x200.jpg 300w, https:\/\/inharmonirehab.com\/wp-content\/uploads\/2025\/04\/luxury-rehab-spain-768x512.jpg 768w, https:\/\/inharmonirehab.com\/wp-content\/uploads\/2025\/04\/luxury-rehab-spain-1536x1025.jpg 1536w, https:\/\/inharmonirehab.com\/wp-content\/uploads\/2025\/04\/luxury-rehab-spain.jpg 2000w\" sizes=\"(max-width: 1024px) 100vw, 1024px\" \/><figcaption class=\"wp-element-caption\">A peaceful setting where healing meets comfort.<\/figcaption><\/figure>\n<\/div>\n<\/div>\n\n\n\n<h2 class=\"wp-block-heading\">V\u00e5rt signaturprogram for rehab-helse<\/h2>\n\n\n\n<p>Hver av v\u00e5re <strong>rehabilitering helseprogrammer<\/strong> inkluderer overnatting, m\u00e5ltider med helpensjon, privat terapi, holistisk behandling og etterbehandling*.<\/p>\n\n\n\n<figure class=\"wp-block-table\"><table class=\"has-fixed-layout\"><thead><tr><th><strong>Program<\/strong><\/th><th><strong>Varighet<\/strong><\/th><th><strong>Pris (fra)<\/strong><\/th><\/tr><\/thead><tbody><tr><td>Intensiv tilbakestilling<\/td><td>14 dager<\/td><td>\u20ac14,000<\/td><\/tr><tr><td>Kjernegjenoppretting<\/td><td>28 dager<\/td><td>\u20ac22,500<\/td><\/tr><tr><td>Dyp fornyelse<\/td><td>56 dager<\/td><td>\u20ac40,000<\/td><\/tr><tr><td>Poliklinisk dagplan**<\/td><td>M\u00e5nedlig<\/td><td>\u20ac6,500<\/td><\/tr><\/tbody><\/table><\/figure>\n\n\n\n<blockquote class=\"wp-block-quote is-layout-flow wp-block-quote-is-layout-flow\">\n<p class=\"has-text-color has-link-color wp-elements-7bf0c9cb365d2cdab179ae936a6e8d8b\" style=\"color:#430000\"><strong>*NOTE! <\/strong>Etterbehandling er kun tilgjengelig for kunder som har fullf\u00f8rt v\u00e5rt 28-dagers program.<\/p>\n\n\n\n<p class=\"has-text-color has-link-color wp-elements-0bc604fc76954b03e77846958e1c8cff\" style=\"color:#430000\"><strong>**NOTE! <\/strong>Den polikliniske st\u00f8tten tilbys kun til klienter som har v\u00e6rt i behandling hos oss i tre m\u00e5neder.<\/p>\n<\/blockquote>\n\n\n\n<hr class=\"wp-block-separator has-alpha-channel-opacity\"\/>\n\n\n\n<h2 class=\"wp-block-heading\">Why international clients choose InHarmoni for luxury rehab<\/h2>\n\n\n\n<ul class=\"wp-block-list\">\n<li>Ligger i Marbella, Costa del Sol - mer enn 300 soldager<\/li>\n\n\n\n<li>Engelskspr\u00e5klige terapeuter og flerspr\u00e5klig st\u00f8tte<\/li>\n\n\n\n<li>Medisinsk lisensiering og ISO-sertifisering p\u00e5g\u00e5r<\/li>\n\n\n\n<li>Personlig velkomst- og transportservice<\/li>\n\n\n\n<li>Etterbehandling etter behandling* inkludert<\/li>\n\n\n\n<li>Ikke-kliniske omgivelser med kliniske behandlingsstandarder<\/li>\n<\/ul>\n\n\n\n<blockquote class=\"wp-block-quote is-layout-flow wp-block-quote-is-layout-flow\">\n<p><em>Jeg kom for \u00e5 hvile. Jeg ble for \u00e5 bygge meg opp igjen. InHarmoni ga meg den tiden, omsorgen og roen jeg ikke visste at jeg trengte.<\/em> - Tidligere kunde, Storbritannia<\/p>\n<\/blockquote>\n\n\n\n<hr class=\"wp-block-separator has-alpha-channel-opacity\"\/>\n\n\n\n<h3 class=\"wp-block-heading\">Begin your journey to wellness today at our luxury rehab<\/h3>\n\n\n\n<p>Helbredelse trenger ikke \u00e5 v\u00e6re vanskelig. Det kan v\u00e6re rolig, st\u00f8ttende og diskret. Hvis du er ute etter luksusrehabilitering av h\u00f8yeste standard i Spania, er InHarmoni Rehab her for deg.<\/p>\n\n\n\n<p class=\"has-foreground-color has-text-color has-link-color wp-elements-dd20cbb9e055ae194607932c4a6963fd\">La oss veilede deg mot varig endring.<br>Ligger i Marbella, Costa del Sol<br><a href=\"https:\/\/inharmonirehab.com\/nb\/kontakt\/\" title=\"\">Planlegg konsultasjonen din n\u00e5<\/a><\/p>\n\n\n\n<hr class=\"wp-block-separator has-alpha-channel-opacity\"\/>\n\n\n\n<h2 class=\"wp-block-heading\">Interne og eksterne ressurser<\/h2>\n\n\n\n<ul class=\"wp-block-list\">\n<li class=\"has-foreground-color has-text-color has-link-color wp-elements-be8f50f28400ed1bce7cf09b532a1a33\"><a href=\"https:\/\/inharmonirehab.com\/nb\/behandlinger\/\" title=\"Ekspertbehandlinger for optimal helse\">Utforsk behandlingsformene v\u00e5re<\/a><\/li>\n\n\n\n<li class=\"has-foreground-color has-text-color has-link-color wp-elements-52dff813154621631502ee0f16c1fb63\"><a href=\"https:\/\/www.instagram.com\/inharmonirehab\/\" target=\"_blank\" rel=\"noopener nofollow\" title=\"\">Sjekk ut Instagram-kontoen v\u00e5r<\/a><\/li>\n<\/ul>\n\n\n\n<script type=\"application\/ld+json\">{\n    \"@context\": \"https:\\\/\\\/schema.org\",\n    \"@type\": \"Organization\",\n    \"name\": \"InHarmoni Rehab\",\n    \"url\": \"https:\\\/\\\/inharmonirehab.com\",\n    \"logo\": \"https:\\\/\\\/inharmonirehab.com\\\/wp-content\\\/uploads\\\/2025\\\/03\\\/addiction-recovery-spain.jpg\",\n    \"description\": \"InHarmoni Rehab is a luxury holistic rehab center in Marbella, Spain. We provide personalized, evidence-based and integrative treatment programs for addiction and mental health, in a private and serene environment.\",\n    \"email\": \"info@inharmonirehab.com\",\n    \"telephone\": \"+34 658 65 60 11\",\n    \"address\": {\n        \"@type\": \"PostalAddress\",\n        \"streetAddress\": \"C. Bugambilia\",\n        \"addressLocality\": \"El Para\\u00edso\",\n        \"postalCode\": \"29688\",\n        \"addressRegion\": \"M\\u00e1laga\",\n        \"addressCountry\": \"ES\"\n    },\n    \"sameAs\": [\n        \"https:\\\/\\\/www.instagram.com\\\/inharmonirehab\\\/\",\n        \"https:\\\/\\\/www.facebook.com\\\/Inharmonirehab\",\n        \"https:\\\/\\\/www.linkedin.com\\\/company\\\/inharmoni-rehab-marbella\\\/\"\n    ],\n    \"founder\": {\n        \"@type\": \"Person\",\n        \"name\": \"Arbresha Sejdiu\"\n    },\n    \"foundingLocation\": {\n        \"@type\": \"Place\",\n        \"name\": \"Marbella, Spain\"\n    },\n    \"foundingDate\": \"2022\",\n    \"contactPoint\": {\n        \"@type\": \"ContactPoint\",\n        \"telephone\": \"+34 658 65 60 11\",\n        \"contactType\": \"customer service\",\n        \"areaServed\": \"ES\",\n        \"availableLanguage\": [\n            \"English\",\n            \"Spanish\",\n            \"Swedish\",\n            \"Arabic\",\n            \"Albanian\"\n        ]\n    }\n}<\/script>\n<\/div>","protected":false},"excerpt":{"rendered":"<p>Discover the elegance of recovery at InHarmoni with luxury rehab Finding a treatment center that truly understands your background, lifestyle, and expectations can be challenging. A luxury rehab combines world-class [&hellip;]<\/p>","protected":false},"author":5,"featured_media":1060,"parent":0,"menu_order":0,"comment_status":"closed","ping_status":"closed","template":"page-with-title","meta":{"content-type":"","om_disable_all_campaigns":false,"inline_featured_image":false,"_uf_show_specific_survey":0,"_uf_disable_surveys":false,"_EventAllDay":false,"_EventTimezone":"","_EventStartDate":"","_EventEndDate":"","_EventStartDateUTC":"","_EventEndDateUTC":"","_EventShowMap":false,"_EventShowMapLink":false,"_EventURL":"","_EventCost":"","_EventCostDescription":"","_EventCurrencySymbol":"","_EventCurrencyCode":"","_EventCurrencyPosition":"","_EventDateTimeSeparator":"","_EventTimeRangeSeparator":"","_EventOrganizerID":[],"_EventVenueID":[],"_OrganizerEmail":"","_OrganizerPhone":"","_OrganizerWebsite":"","_VenueAddress":"","_VenueCity":"","_VenueCountry":"","_VenueProvince":"","_VenueState":"","_VenueZip":"","_VenuePhone":"","_VenueURL":"","_VenueStateProvince":"","_VenueLat":"","_VenueLng":"","_VenueShowMap":false,"_VenueShowMapLink":false,"footnotes":""},"class_list":["post-1056","page","type-page","status-publish","has-post-thumbnail","hentry"],"featured_image_src":"https:\/\/inharmonirehab.com\/wp-content\/uploads\/2025\/12\/Lyxury-rehab.webp","aioseo_notices":[],"_links":{"self":[{"href":"https:\/\/inharmonirehab.com\/nb\/wp-json\/wp\/v2\/pages\/1056","targetHints":{"allow":["GET"]}}],"collection":[{"href":"https:\/\/inharmonirehab.com\/nb\/wp-json\/wp\/v2\/pages"}],"about":[{"href":"https:\/\/inharmonirehab.com\/nb\/wp-json\/wp\/v2\/types\/page"}],"author":[{"embeddable":true,"href":"https:\/\/inharmonirehab.com\/nb\/wp-json\/wp\/v2\/users\/5"}],"replies":[{"embeddable":true,"href":"https:\/\/inharmonirehab.com\/nb\/wp-json\/wp\/v2\/comments?post=1056"}],"version-history":[{"count":0,"href":"https:\/\/inharmonirehab.com\/nb\/wp-json\/wp\/v2\/pages\/1056\/revisions"}],"wp:featuredmedia":[{"embeddable":true,"href":"https:\/\/inharmonirehab.com\/nb\/wp-json\/wp\/v2\/media\/1060"}],"wp:attachment":[{"href":"https:\/\/inharmonirehab.com\/nb\/wp-json\/wp\/v2\/media?parent=1056"}],"curies":[{"name":"wp","href":"https:\/\/api.w.org\/{rel}","templated":true}]}}